{"id":2509,"date":"2019-07-10T14:23:42","date_gmt":"2019-07-10T11:23:42","guid":{"rendered":"http:\/\/www.atlasturnike.com\/?page_id=2509"},"modified":"2022-01-31T06:11:41","modified_gmt":"2022-01-31T03:11:41","slug":"dealership-application-for-turnstile-systems","status":"publish","type":"page","link":"https:\/\/atlasturnike.com\/en\/dealership-application-for-turnstile-systems\/","title":{"rendered":"Dealership Application"},"content":{"rendered":"<div class=\"ui-row row\">\n <div   class=\"ui-column span8\"><div  class=\"ui--animation-in make--fx--caption-left ui--pass clearfix\" data-fx=\"fx--caption-left\" data-delay=\"150\" data-start-delay=\"0\"><div class=\"ui--title ui--animation ui--title-bordered text-left\"><div class=\"ui--title-holder\"><h3 class=\"ui--title-text\"><strong>Dealership Application Form<\/strong><\/h3><div class=\"ui--title-borders ui--title-border-left\"><\/div><div class=\"ui--title-borders ui--title-border-right\"><\/div><\/div><\/div>\n<div class=\"wpcf7 no-js\" id=\"wpcf7-f2885-o1\" lang=\"tr-TR\" dir=\"ltr\" data-wpcf7-id=\"2885\">\n<div class=\"screen-reader-response\"><p role=\"status\" aria-live=\"polite\" aria-atomic=\"true\"><\/p> <ul><\/ul><\/div>\n<form action=\"\/en\/wp-json\/wp\/v2\/pages\/2509#wpcf7-f2885-o1\" method=\"post\" class=\"wpcf7-form init\" aria-label=\"\u0130leti\u015fim Formu\" novalidate=\"novalidate\" data-status=\"init\">\n<fieldset class=\"hidden-fields-container\"><input type=\"hidden\" name=\"_wpcf7\" value=\"2885\" \/><input type=\"hidden\" name=\"_wpcf7_version\" value=\"6.1.1\" \/><input type=\"hidden\" name=\"_wpcf7_locale\" value=\"tr_TR\" \/><input type=\"hidden\" name=\"_wpcf7_unit_tag\" value=\"wpcf7-f2885-o1\" \/><input type=\"hidden\" name=\"_wpcf7_container_post\" value=\"0\" \/><input type=\"hidden\" name=\"_wpcf7_posted_data_hash\" value=\"\" \/>\n<\/fieldset>\n<p><label> Company Name (*)<br \/>\n<span class=\"wpcf7-form-control-wrap\" data-name=\"firmaunvani\"><input size=\"40\" maxlength=\"400\" class=\"wpcf7-form-control wpcf7-text wpcf7-validates-as-required\" aria-required=\"true\" aria-invalid=\"false\" placeholder=\"Please type your company informations\" value=\"\" type=\"text\" name=\"firmaunvani\" \/><\/span> <\/label>\n<\/p>\n<p><label> Company Address*<br \/>\n<span class=\"wpcf7-form-control-wrap\" data-name=\"firmaadresi\"><input size=\"40\" maxlength=\"400\" class=\"wpcf7-form-control wpcf7-text wpcf7-validates-as-required\" aria-required=\"true\" aria-invalid=\"false\" placeholder=\"Please type your company address\" value=\"\" type=\"text\" name=\"firmaadresi\" \/><\/span> <\/label>\n<\/p>\n<p><label> E-Mail*<br \/>\n<span class=\"wpcf7-form-control-wrap\" data-name=\"firmaemail\"><input size=\"40\" maxlength=\"400\" class=\"wpcf7-form-control wpcf7-email wpcf7-validates-as-required wpcf7-text wpcf7-validates-as-email\" aria-required=\"true\" aria-invalid=\"false\" placeholder=\"Please type your e-mail address\" value=\"\" type=\"email\" name=\"firmaemail\" \/><\/span><\/label>\n<\/p>\n<p><label> Company Website*<br \/>\n<span class=\"wpcf7-form-control-wrap\" data-name=\"firmawebsite\"><input size=\"40\" maxlength=\"400\" class=\"wpcf7-form-control wpcf7-url wpcf7-validates-as-required wpcf7-text wpcf7-validates-as-url\" aria-required=\"true\" aria-invalid=\"false\" placeholder=\"Please type your company website address\" value=\"\" type=\"url\" name=\"firmawebsite\" \/><\/span><\/label>\n<\/p>\n<p><input class=\"wpcf7-form-control wpcf7-submit has-spinner\" type=\"submit\" value=\"Submit Dealership Request\" \/>\n<\/p><p style=\"display: none !important;\" class=\"akismet-fields-container\" data-prefix=\"_wpcf7_ak_\"><label>&#916;<textarea name=\"_wpcf7_ak_hp_textarea\" cols=\"45\" rows=\"8\" maxlength=\"100\"><\/textarea><\/label><input type=\"hidden\" id=\"ak_js_1\" name=\"_wpcf7_ak_js\" value=\"190\"\/><script>document.getElementById( \"ak_js_1\" ).setAttribute( \"value\", ( new Date() ).getTime() );<\/script><\/p><div class=\"wpcf7-response-output\" aria-hidden=\"true\"><\/div>\n<\/form>\n<\/div>\n<\/div><\/div> \n\n <div   class=\"ui-column span4\"><div class=\"ui--box-widget\"><div  class=\"ui--content-box ui--box ui--content-item ui--animation ui-row\"><div class=\"ui--content-box-header\"><div class=\"ui--content-box-media effect--fade type--default clearfix ratio-original\"><a class=\"ui--content-box-link\" href=\"https:\/\/www.atlasturnike.com\/wp-content\/uploads\/atlas-turnike-gecis-kontrol-sistemleri-logo.jpg\" data-rel=\"prettyPhoto\" data-title=\"\"><div class=\"ui--content-box-image-default\"><img decoding=\"async\" class=\"ui--content-box-image\" src=\"https:\/\/www.atlasturnike.com\/wp-content\/uploads\/atlas-turnike-gecis-kontrol-sistemleri-logo.jpg\" alt=\"\" title=\"\"><\/div><\/a><\/div><\/div><div class=\"ui--content-box-footer ui--gradient ui--gradient-grey clearfix text-left\"><div class=\"text-center\"><ul id=\"socialbar-1\" class=\"ui-socialbar unstyled ss ui-socialbar-style-grey-bevel-gradient effect--slide borderless\"><li class=\"facebook ui-socialbar-item ui--animation\"><a href=\"https:\/\/www.facebook.com\/AtlasTurnike\" class=\"ui-socialbar-image\" target=\"_blank\" title=\"Facebook\" rel=\"nofollow noopener\"><span class=\"ui-socialbar-svg \"><svg version=\"1.1\" xmlns=\"http:\/\/www.w3.org\/2000\/svg\" width=\"32\" height=\"32\" viewBox=\"0 0 32 32\">\n\t<path d=\"M19 6h5v-6h-5c-3.86 0-7 3.14-7 7v3h-4v6h4v16h6v-16h5l1-6h-6v-3c0-0.542 0.458-1 1-1z\"><\/path>\n<\/svg>\n<\/span><span class=\"ui-socialbar-svg-hover ui-socialbar-color-bg\"><svg version=\"1.1\" xmlns=\"http:\/\/www.w3.org\/2000\/svg\" width=\"32\" height=\"32\" viewBox=\"0 0 32 32\">\n\t<path d=\"M19 6h5v-6h-5c-3.86 0-7 3.14-7 7v3h-4v6h4v16h6v-16h5l1-6h-6v-3c0-0.542 0.458-1 1-1z\"><\/path>\n<\/svg>\n<\/span><\/a><\/li><li class=\"twitter ui-socialbar-item ui--animation\"><a href=\"https:\/\/twitter.com\/AtlasTurnike\" class=\"ui-socialbar-image\" target=\"_blank\" title=\"Twitter\" rel=\"nofollow noopener\"><span class=\"ui-socialbar-svg \"><svg version=\"1.1\" xmlns=\"http:\/\/www.w3.org\/2000\/svg\" width=\"32\" height=\"32\" viewBox=\"0 0 32 32\">\n\t<path d=\"M32 7.075c-1.175 0.525-2.444 0.875-3.769 1.031 1.356-0.813 2.394-2.1 2.887-3.631-1.269 0.75-2.675 1.3-4.169 1.594-1.2-1.275-2.906-2.069-4.794-2.069-3.625 0-6.563 2.938-6.563 6.563 0 0.512 0.056 1.012 0.169 1.494-5.456-0.275-10.294-2.888-13.531-6.862-0.563 0.969-0.887 2.1-0.887 3.3 0 2.275 1.156 4.287 2.919 5.463-1.075-0.031-2.087-0.331-2.975-0.819 0 0.025 0 0.056 0 0.081 0 3.181 2.263 5.838 5.269 6.437-0.55 0.15-1.131 0.231-1.731 0.231-0.425 0-0.831-0.044-1.237-0.119 0.838 2.606 3.263 4.506 6.131 4.563-2.25 1.762-5.075 2.813-8.156 2.813-0.531 0-1.050-0.031-1.569-0.094 2.913 1.869 6.362 2.95 10.069 2.95 12.075 0 18.681-10.006 18.681-18.681 0-0.287-0.006-0.569-0.019-0.85 1.281-0.919 2.394-2.075 3.275-3.394z\"><\/path>\n<\/svg>\n<\/span><span class=\"ui-socialbar-svg-hover ui-socialbar-color-bg\"><svg version=\"1.1\" xmlns=\"http:\/\/www.w3.org\/2000\/svg\" width=\"32\" height=\"32\" viewBox=\"0 0 32 32\">\n\t<path d=\"M32 7.075c-1.175 0.525-2.444 0.875-3.769 1.031 1.356-0.813 2.394-2.1 2.887-3.631-1.269 0.75-2.675 1.3-4.169 1.594-1.2-1.275-2.906-2.069-4.794-2.069-3.625 0-6.563 2.938-6.563 6.563 0 0.512 0.056 1.012 0.169 1.494-5.456-0.275-10.294-2.888-13.531-6.862-0.563 0.969-0.887 2.1-0.887 3.3 0 2.275 1.156 4.287 2.919 5.463-1.075-0.031-2.087-0.331-2.975-0.819 0 0.025 0 0.056 0 0.081 0 3.181 2.263 5.838 5.269 6.437-0.55 0.15-1.131 0.231-1.731 0.231-0.425 0-0.831-0.044-1.237-0.119 0.838 2.606 3.263 4.506 6.131 4.563-2.25 1.762-5.075 2.813-8.156 2.813-0.531 0-1.050-0.031-1.569-0.094 2.913 1.869 6.362 2.95 10.069 2.95 12.075 0 18.681-10.006 18.681-18.681 0-0.287-0.006-0.569-0.019-0.85 1.281-0.919 2.394-2.075 3.275-3.394z\"><\/path>\n<\/svg>\n<\/span><\/a><\/li><li class=\"instagram ui-socialbar-item ui--animation\"><a href=\"https:\/\/www.instagram.com\/atlasturnike\/\" class=\"ui-socialbar-image\" target=\"_blank\" title=\"Instagram\" rel=\"nofollow noopener\"><span class=\"ui-socialbar-svg \"><?xml version=\"1.0\" encoding=\"utf-8\"?>\n<!-- Generator: Adobe Illustrator 21.1.0, SVG Export Plug-In . SVG Version: 6.00 Build 0)  -->\n<svg version=\"1.1\" id=\"Layer_1\" xmlns=\"http:\/\/www.w3.org\/2000\/svg\" xmlns:xlink=\"http:\/\/www.w3.org\/1999\/xlink\" x=\"0px\" y=\"0px\"\n\t viewBox=\"0 0 32 32\" style=\"enable-background:new 0 0 32 32;\" xml:space=\"preserve\">\n<path d=\"M16,4.2c3.8,0,4.3,0,5.8,0.1c1.4,0.1,2.2,0.3,2.7,0.5c0.7,0.3,1.1,0.6,1.6,1.1c0.5,0.5,0.8,1,1.1,1.6\n\tc0.2,0.5,0.4,1.3,0.5,2.7c0.1,1.5,0.1,2,0.1,5.8s0,4.3-0.1,5.8c-0.1,1.4-0.3,2.2-0.5,2.7c-0.3,0.7-0.6,1.1-1.1,1.6\n\tc-0.5,0.5-1,0.8-1.6,1.1c-0.5,0.2-1.3,0.4-2.7,0.5c-1.5,0.1-2,0.1-5.8,0.1s-4.3,0-5.8-0.1c-1.4-0.1-2.2-0.3-2.7-0.5\n\tc-0.7-0.3-1.1-0.6-1.6-1.1c-0.5-0.5-0.8-1-1.1-1.6c-0.2-0.5-0.4-1.3-0.5-2.7c-0.1-1.5-0.1-2-0.1-5.8s0-4.3,0.1-5.8\n\tC4.4,8.8,4.6,8,4.8,7.5c0.3-0.7,0.6-1.1,1.1-1.6c0.5-0.5,1-0.8,1.6-1.1c0.5-0.2,1.3-0.4,2.7-0.5C11.7,4.3,12.2,4.2,16,4.2L16,4.2z\n\t M16,0c-4.3,0-4.9,0-6.6,0.1C7.7,0.2,6.5,0.4,5.5,0.8c-1.1,0.4-2,1-2.8,1.8C1.8,3.6,1.3,4.5,0.8,5.5c-0.4,1-0.7,2.2-0.7,3.9\n\tC0,11.1,0,11.7,0,16s0,4.9,0.1,6.6c0.1,1.7,0.3,2.9,0.7,3.9c0.4,1.1,1,2,1.9,2.8c0.9,0.9,1.8,1.4,2.8,1.8c1,0.4,2.2,0.7,3.9,0.7\n\tC11.1,32,11.6,32,16,32s4.9,0,6.6-0.1c1.7-0.1,2.9-0.4,3.9-0.7c1-0.4,1.9-1,2.8-1.8s1.4-1.8,1.8-2.8c0.4-1,0.7-2.2,0.7-3.9\n\tC32,20.9,32,20.4,32,16s0-4.9-0.1-6.6c-0.1-1.7-0.4-2.9-0.7-3.9c-0.4-1.1-0.9-2-1.8-2.8c-0.9-0.9-1.8-1.4-2.8-1.8\n\tc-1-0.4-2.2-0.7-3.9-0.7C20.9,0,20.3,0,16,0L16,0L16,0z\"\/>\n<path d=\"M16,24.5c-4.7,0-8.5-3.8-8.5-8.5c0-4.7,3.8-8.5,8.5-8.5c4.7,0,8.5,3.8,8.5,8.5C24.5,20.7,20.7,24.5,16,24.5z M16,12.1\n\tc-2.1,0-3.9,1.7-3.9,3.9s1.7,3.9,3.9,3.9s3.9-1.7,3.9-3.9S18.1,12.1,16,12.1z\"\/>\n<path d=\"M25.9,8c0,1.1-0.9,1.9-1.9,1.9S22.1,9,22.1,8S23,6.1,24,6.1S25.9,6.9,25.9,8z\"\/>\n<\/svg>\n<\/span><span class=\"ui-socialbar-svg-hover ui-socialbar-color-bg\"><?xml version=\"1.0\" encoding=\"utf-8\"?>\n<!-- Generator: Adobe Illustrator 21.1.0, SVG Export Plug-In . SVG Version: 6.00 Build 0)  -->\n<svg version=\"1.1\" id=\"Layer_1\" xmlns=\"http:\/\/www.w3.org\/2000\/svg\" xmlns:xlink=\"http:\/\/www.w3.org\/1999\/xlink\" x=\"0px\" y=\"0px\"\n\t viewBox=\"0 0 32 32\" style=\"enable-background:new 0 0 32 32;\" xml:space=\"preserve\">\n<path d=\"M16,4.2c3.8,0,4.3,0,5.8,0.1c1.4,0.1,2.2,0.3,2.7,0.5c0.7,0.3,1.1,0.6,1.6,1.1c0.5,0.5,0.8,1,1.1,1.6\n\tc0.2,0.5,0.4,1.3,0.5,2.7c0.1,1.5,0.1,2,0.1,5.8s0,4.3-0.1,5.8c-0.1,1.4-0.3,2.2-0.5,2.7c-0.3,0.7-0.6,1.1-1.1,1.6\n\tc-0.5,0.5-1,0.8-1.6,1.1c-0.5,0.2-1.3,0.4-2.7,0.5c-1.5,0.1-2,0.1-5.8,0.1s-4.3,0-5.8-0.1c-1.4-0.1-2.2-0.3-2.7-0.5\n\tc-0.7-0.3-1.1-0.6-1.6-1.1c-0.5-0.5-0.8-1-1.1-1.6c-0.2-0.5-0.4-1.3-0.5-2.7c-0.1-1.5-0.1-2-0.1-5.8s0-4.3,0.1-5.8\n\tC4.4,8.8,4.6,8,4.8,7.5c0.3-0.7,0.6-1.1,1.1-1.6c0.5-0.5,1-0.8,1.6-1.1c0.5-0.2,1.3-0.4,2.7-0.5C11.7,4.3,12.2,4.2,16,4.2L16,4.2z\n\t M16,0c-4.3,0-4.9,0-6.6,0.1C7.7,0.2,6.5,0.4,5.5,0.8c-1.1,0.4-2,1-2.8,1.8C1.8,3.6,1.3,4.5,0.8,5.5c-0.4,1-0.7,2.2-0.7,3.9\n\tC0,11.1,0,11.7,0,16s0,4.9,0.1,6.6c0.1,1.7,0.3,2.9,0.7,3.9c0.4,1.1,1,2,1.9,2.8c0.9,0.9,1.8,1.4,2.8,1.8c1,0.4,2.2,0.7,3.9,0.7\n\tC11.1,32,11.6,32,16,32s4.9,0,6.6-0.1c1.7-0.1,2.9-0.4,3.9-0.7c1-0.4,1.9-1,2.8-1.8s1.4-1.8,1.8-2.8c0.4-1,0.7-2.2,0.7-3.9\n\tC32,20.9,32,20.4,32,16s0-4.9-0.1-6.6c-0.1-1.7-0.4-2.9-0.7-3.9c-0.4-1.1-0.9-2-1.8-2.8c-0.9-0.9-1.8-1.4-2.8-1.8\n\tc-1-0.4-2.2-0.7-3.9-0.7C20.9,0,20.3,0,16,0L16,0L16,0z\"\/>\n<path d=\"M16,24.5c-4.7,0-8.5-3.8-8.5-8.5c0-4.7,3.8-8.5,8.5-8.5c4.7,0,8.5,3.8,8.5,8.5C24.5,20.7,20.7,24.5,16,24.5z M16,12.1\n\tc-2.1,0-3.9,1.7-3.9,3.9s1.7,3.9,3.9,3.9s3.9-1.7,3.9-3.9S18.1,12.1,16,12.1z\"\/>\n<path d=\"M25.9,8c0,1.1-0.9,1.9-1.9,1.9S22.1,9,22.1,8S23,6.1,24,6.1S25.9,6.9,25.9,8z\"\/>\n<\/svg>\n<\/span><\/a><\/li><li class=\"linkedin ui-socialbar-item ui--animation\"><a href=\"https:\/\/www.linkedin.com\/company\/atlas-turnike\" class=\"ui-socialbar-image\" target=\"_blank\" title=\"Linkedin\" rel=\"nofollow noopener\"><span class=\"ui-socialbar-svg \"><svg version=\"1.1\" xmlns=\"http:\/\/www.w3.org\/2000\/svg\" width=\"32\" height=\"32\" viewBox=\"0 0 32 32\">\n\t<path d=\"M12 12h5.535v2.837h0.079c0.77-1.381 2.655-2.837 5.464-2.837 5.842 0 6.922 3.637 6.922 8.367v9.633h-5.769v-8.54c0-2.037-0.042-4.657-3.001-4.657-3.005 0-3.463 2.218-3.463 4.509v8.688h-5.767v-18z\"><\/path>\n\t<path d=\"M2 12h6v18h-6v-18z\"><\/path>\n\t<path d=\"M8 7c0 1.657-1.343 3-3 3s-3-1.343-3-3c0-1.657 1.343-3 3-3s3 1.343 3 3z\"><\/path>\n<\/svg>\n<\/span><span class=\"ui-socialbar-svg-hover ui-socialbar-color-bg\"><svg version=\"1.1\" xmlns=\"http:\/\/www.w3.org\/2000\/svg\" width=\"32\" height=\"32\" viewBox=\"0 0 32 32\">\n\t<path d=\"M12 12h5.535v2.837h0.079c0.77-1.381 2.655-2.837 5.464-2.837 5.842 0 6.922 3.637 6.922 8.367v9.633h-5.769v-8.54c0-2.037-0.042-4.657-3.001-4.657-3.005 0-3.463 2.218-3.463 4.509v8.688h-5.767v-18z\"><\/path>\n\t<path d=\"M2 12h6v18h-6v-18z\"><\/path>\n\t<path d=\"M8 7c0 1.657-1.343 3-3 3s-3-1.343-3-3c0-1.657 1.343-3 3-3s3 1.343 3 3z\"><\/path>\n<\/svg>\n<\/span><\/a><\/li><li class=\"mail ui-socialbar-item ui--animation\"><a href=\"&lt;a href=&quot;mailto:info@atlasturnike.com&quot;&gt;info@atlasturnike.com&lt;\/a&gt;\" class=\"ui-socialbar-image\" target=\"_self\" title=\"Mail\" rel=\"nofollow\"><span class=\"ui-socialbar-svg \"><svg version=\"1.1\" xmlns=\"http:\/\/www.w3.org\/2000\/svg\" width=\"28\" height=\"28\" viewBox=\"0 0 28 28\">\n\t<path d=\"M28 11.094v12.406c0 1.375-1.125 2.5-2.5 2.5h-23c-1.375 0-2.5-1.125-2.5-2.5v-12.406c0.469 0.516 1 0.969 1.578 1.359 2.594 1.766 5.219 3.531 7.766 5.391 1.313 0.969 2.938 2.156 4.641 2.156h0.031c1.703 0 3.328-1.188 4.641-2.156 2.547-1.844 5.172-3.625 7.781-5.391 0.562-0.391 1.094-0.844 1.563-1.359zM28 6.5c0 1.75-1.297 3.328-2.672 4.281-2.438 1.687-4.891 3.375-7.313 5.078-1.016 0.703-2.734 2.141-4 2.141h-0.031c-1.266 0-2.984-1.437-4-2.141-2.422-1.703-4.875-3.391-7.297-5.078-1.109-0.75-2.688-2.516-2.688-3.938 0-1.531 0.828-2.844 2.5-2.844h23c1.359 0 2.5 1.125 2.5 2.5z\"><\/path>\n<\/svg>\n<\/span><span class=\"ui-socialbar-svg-hover ui-socialbar-color-bg\"><svg version=\"1.1\" xmlns=\"http:\/\/www.w3.org\/2000\/svg\" width=\"28\" height=\"28\" viewBox=\"0 0 28 28\">\n\t<path d=\"M28 11.094v12.406c0 1.375-1.125 2.5-2.5 2.5h-23c-1.375 0-2.5-1.125-2.5-2.5v-12.406c0.469 0.516 1 0.969 1.578 1.359 2.594 1.766 5.219 3.531 7.766 5.391 1.313 0.969 2.938 2.156 4.641 2.156h0.031c1.703 0 3.328-1.188 4.641-2.156 2.547-1.844 5.172-3.625 7.781-5.391 0.562-0.391 1.094-0.844 1.563-1.359zM28 6.5c0 1.75-1.297 3.328-2.672 4.281-2.438 1.687-4.891 3.375-7.313 5.078-1.016 0.703-2.734 2.141-4 2.141h-0.031c-1.266 0-2.984-1.437-4-2.141-2.422-1.703-4.875-3.391-7.297-5.078-1.109-0.75-2.688-2.516-2.688-3.938 0-1.531 0.828-2.844 2.5-2.844h23c1.359 0 2.5 1.125 2.5 2.5z\"><\/path>\n<\/svg>\n<\/span><\/a><\/li><\/ul><\/div><\/div><\/div><\/div><\/div> \n\n<\/div> \n<div  id=\"section-cr4zq\" class=\"fullwidth-content ui--section clearfix inner-shadow-2 section-cr4zq\" style=\"margin-bottom: -12px;\"><div  class=\"ui--section-content inner-shadow-2\"><div class=\"container\"><div class=\"ui-row row\">\n <div   class=\"ui-column span4\"><div  class=\"ui--icon-box position--left\"><span class=\"ui--icon-box-icon ui--animation\"><i class=\"ui--icon fontawesome-map-marker icon-inline-block icon-with-background radius-circle\" style=\"font-size: 28px;  width: 32px;  height: 32px;  color: #333333 !important;  border-width: 3px;  border-style: solid;\"><\/i><\/span><div  class=\"ui--icon-box-content\"><h4 class=\"ui--icon-box-title ui--animation text-left\" data-fx=\"fx--no-effect\"><span ><strong>Address<\/strong><\/span><\/h4><div  class=\"ui--animation ui--icon-box-text text-left\" data-fx=\"fx--no-effect\"><p>G\u00fczelyurt Mah, Ertu\u011frul Gazi Cd. No:15<br \/>\nBeylikd\u00fcz\u00fc OSB, 34515 Esenyurt\/\u0130STANBUL<\/p>\n<\/div><\/div><\/div><\/div> \n\n <div   class=\"ui-column span3\"><div  class=\"ui--icon-box position--left\"><span class=\"ui--icon-box-icon ui--animation\"><i class=\"ui--icon fontawesome-phone icon-inline-block icon-with-background radius-circle\" style=\"font-size: 28px;  width: 32px;  height: 32px;  color: #333333 !important;  border-width: 3px;  border-style: solid;\"><\/i><\/span><div  class=\"ui--icon-box-content\"><h4 class=\"ui--icon-box-title ui--animation text-left\" data-fx=\"fx--no-effect\"><span ><strong>Contact Numbers<\/strong><\/span><\/h4><div  class=\"ui--animation ui--icon-box-text text-left\" data-fx=\"fx--no-effect\"><p><strong>Phone:<\/strong> +902124281354<br \/>\n<strong>Whatsapp:<\/strong> +905528763218<\/p>\n<\/div><\/div><\/div><\/div> \n\n <div   class=\"ui-column span4\"><div  class=\"ui--icon-box position--left\"><span class=\"ui--icon-box-icon ui--animation\"><i class=\"ui--icon fontawesome-envelope icon-inline-block icon-with-background radius-circle\" style=\"font-size: 28px;  width: 32px;  height: 32px;  color: #333333 !important;  border-width: 3px;  border-style: solid;\"><\/i><\/span><div  class=\"ui--icon-box-content\"><h4 class=\"ui--icon-box-title ui--animation text-left\" data-fx=\"fx--no-effect\"><span ><strong>E-Mails<\/strong><\/span><\/h4><div  class=\"ui--animation ui--icon-box-text text-left\" data-fx=\"fx--no-effect\"><p><a href=\"mailto:sales@atlasturnike.com\">sales@atlasturnike.com<\/a><br \/>\n<a href=\"mailto:info@atlasturnike.com\">info@atlasturnike.com<\/a><\/p>\n<\/div><\/div><\/div><\/div> \n\n<\/div> \n<\/div><\/div><\/div><!-- \/.fullwidth-container --><div  class=\"ui--space clearfix\" data-responsive=\"{&quot;css&quot;:{&quot;height&quot;:{&quot;phone&quot;:null,&quot;tablet&quot;:null,&quot;widescreen&quot;:null}}}\"><\/div>","protected":false},"excerpt":{"rendered":"<p>Dealership Application Form Company Name (*) Company Address* E-Mail* Company Website* &#916; AddressG\u00fczelyurt Mah, Ertu\u011frul Gazi Cd. No:15 Beylikd\u00fcz\u00fc OSB, 34515 Esenyurt\/\u0130STANBUL Contact NumbersPhone: +902124281354 Whatsapp: +905528763218 E-Mailssales@atlasturnike.com info@atlasturnike.com<\/p>\n","protected":false},"author":1,"featured_media":2539,"parent":0,"menu_order":0,"comment_status":"closed","ping_status":"closed","template":"","meta":{"footnotes":""},"class_list":["post-2509","page","type-page","status-publish","has-post-thumbnail","hentry"],"_links":{"self":[{"href":"https:\/\/atlasturnike.com\/en\/wp-json\/wp\/v2\/pages\/2509","targetHints":{"allow":["GET"]}}],"collection":[{"href":"https:\/\/atlasturnike.com\/en\/wp-json\/wp\/v2\/pages"}],"about":[{"href":"https:\/\/atlasturnike.com\/en\/wp-json\/wp\/v2\/types\/page"}],"author":[{"embeddable":true,"href":"https:\/\/atlasturnike.com\/en\/wp-json\/wp\/v2\/users\/1"}],"replies":[{"embeddable":true,"href":"https:\/\/atlasturnike.com\/en\/wp-json\/wp\/v2\/comments?post=2509"}],"version-history":[{"count":0,"href":"https:\/\/atlasturnike.com\/en\/wp-json\/wp\/v2\/pages\/2509\/revisions"}],"wp:featuredmedia":[{"embeddable":true,"href":"https:\/\/atlasturnike.com\/en\/wp-json\/wp\/v2\/media\/2539"}],"wp:attachment":[{"href":"https:\/\/atlasturnike.com\/en\/wp-json\/wp\/v2\/media?parent=2509"}],"curies":[{"name":"wp","href":"https:\/\/api.w.org\/{rel}","templated":true}]}}